{"id":14,"date":"2018-02-27T02:05:29","date_gmt":"2018-02-27T02:05:29","guid":{"rendered":"https:\/\/www.carresulseguros.com.br\/site\/?page_id=14"},"modified":"2020-06-22T16:16:23","modified_gmt":"2020-06-22T19:16:23","slug":"fale-conosco","status":"publish","type":"page","link":"https:\/\/www.carresulseguros.com.br\/site\/fale-conosco\/","title":{"rendered":"Fale Conosco"},"content":{"rendered":"<div role=\"form\" class=\"wpcf7\" id=\"wpcf7-f253-o1\" lang=\"pt-BR\" dir=\"ltr\">\n<div class=\"screen-reader-response\" role=\"alert\" aria-live=\"polite\"><\/div>\n<form action=\"\/site\/wp-json\/wp\/v2\/pages\/14#wpcf7-f253-o1\" method=\"post\" class=\"wpcf7-form init\" novalidate=\"novalidate\">\n<div style=\"display: none;\">\n<input type=\"hidden\" name=\"_wpcf7\" value=\"253\" \/>\n<input type=\"hidden\" name=\"_wpcf7_version\" value=\"5.2\" \/>\n<input type=\"hidden\" name=\"_wpcf7_locale\" value=\"pt_BR\" \/>\n<input type=\"hidden\" name=\"_wpcf7_unit_tag\" value=\"wpcf7-f253-o1\" \/>\n<input type=\"hidden\" name=\"_wpcf7_container_post\" value=\"0\" \/>\n<input type=\"hidden\" name=\"_wpcf7_posted_data_hash\" value=\"\" \/>\n<\/div>\n<p>Para sua maior comodidade, entre em contato utilizando o formul\u00e1rio abaixo:<\/p>\n<p><span class=\"wpcf7-form-control-wrap nome\"><input type=\"text\" name=\"nome\" value=\"\" size=\"40\" class=\"wpcf7-form-control wpcf7-text wpcf7-validates-as-required\" aria-required=\"true\" aria-invalid=\"false\" placeholder=\"Nome completo\" \/><\/span><\/p>\n<p><span class=\"wpcf7-form-control-wrap email\"><input type=\"email\" name=\"email\" value=\"\" size=\"40\" class=\"wpcf7-form-control wpcf7-text wpcf7-email wpcf7-validates-as-required wpcf7-validates-as-email\" aria-required=\"true\" aria-invalid=\"false\" placeholder=\"E-mail\" \/><\/span><\/p>\n<p><span class=\"wpcf7-form-control-wrap telefone\"><input type=\"text\" name=\"telefone\" value=\"\" size=\"40\" class=\"wpcf7-form-control wpcf7-text wpcf7-validates-as-required\" aria-required=\"true\" aria-invalid=\"false\" placeholder=\"Telefone \/ WhatsApp\" \/><\/span><\/p>\n<p><span class=\"wpcf7-form-control-wrap cidade\"><input type=\"text\" name=\"cidade\" value=\"\" size=\"40\" class=\"wpcf7-form-control wpcf7-text wpcf7-validates-as-required\" aria-required=\"true\" aria-invalid=\"false\" placeholder=\"Cidade \/ Estado\" \/><\/span><\/p>\n<p><span class=\"wpcf7-form-control-wrap mensagem\"><textarea name=\"mensagem\" cols=\"40\" rows=\"10\" class=\"wpcf7-form-control wpcf7-textarea wpcf7-validates-as-required\" aria-required=\"true\" aria-invalid=\"false\" placeholder=\"Digite sua mensagem\"><\/textarea><\/span><\/p>\n<p>C\u00f3digo Anti-Spam<\/p>\n<p><input type=\"hidden\" name=\"_wpcf7_captcha_challenge_captcha\" value=\"3370980809\" \/><img class=\"wpcf7-form-control wpcf7-captchac wpcf7-captcha-captcha\" width=\"72\" height=\"24\" alt=\"captcha\" src=\"https:\/\/www.carresulseguros.com.br\/site\/wp-content\/uploads\/wpcf7_captcha\/3370980809.png\" \/><\/p>\n<p>Digite o c\u00f3digo Anti-Spam abaixo:<br \/>\n<span class=\"wpcf7-form-control-wrap captcha\"><input type=\"text\" name=\"captcha\" value=\"\" size=\"40\" class=\"wpcf7-form-control wpcf7-captchar\" autocomplete=\"off\" aria-invalid=\"false\" \/><\/span><\/p>\n<p><input type=\"submit\" value=\"Enviar\" class=\"wpcf7-form-control wpcf7-submit\" \/><\/p>\n<div class=\"wpcf7-response-output\" role=\"alert\" aria-hidden=\"true\"><\/div><\/form><\/div>\n<div style=\"display: none;\">\n<p>seguro auto sarandi, ronda alta seguros sarandi, ronda alta, carresul seguros em sarandi, ronda alta, carresul, sarandi, ronda alta RS, carresul e cons\u00f3rcios sarandi, ronda alta<\/p>\n<h1>carresul em sarandi, ronda alta,\u00a0carresul seguros sarandi, ronda alta, seguros sarandi, ronda alta,<\/h1>\n<h2>carresul em sarandi, ronda alta, seguro auto sarandi, ronda alta e regi\u00e3o, seguros sarandi, ronda alta em sarandi, ronda alta, carresul carresul seguros sarandi, ronda alta, carresul em sarandi, ronda alta rs, carresul, para sarandi, ronda alta e regi\u00e3o, carresul para sarandi, ronda alta e regi\u00e3o\u00a0cons\u00f3rcios sarandi, ronda alta de carresul em sarandi, ronda alta, seguro auto sarandi, ronda alta e regi\u00e3o, seguros sarandi, ronda alta em sarandi, ronda alta, carresul carresul seguros sarandi, ronda alta, carresul em sarandi, ronda alta rs, carresul,<a title=\"cons\u00f3rcios sarandi, ronda alta de carresul em sarandi, ronda alta, seguro auto sarandi, ronda alta e regi\u00e3o, seguros sarandi, ronda alta em sarandi, ronda alta, carresul carresul seguros sarandi, ronda alta, carresul em sarandi, ronda alta rs, carresul, para sarandi, ronda alta e regi\u00e3o, carresul para sarandi, ronda alta e regi\u00e3o\" href=\"http:\/\/www.carresulseguros.com.br\">para sarandi, ronda alta e regi\u00e3o, carresul para sarandi, ronda alta e regi\u00e3o\u00a0cons\u00f3rcios sarandi, ronda alta de carresul em sarandi, ronda alta, seguro auto sarandi, ronda alta e regi\u00e3o, seguros sarandi, ronda alta em sarandi, ronda alta, carresul carresul seguros sarandi, ronda alta, carresul em sarandi, ronda alta rs, carresul<\/a>, para sarandi, ronda alta e regi\u00e3o, carresul para sarandi, ronda alta e regi\u00e3o\u00a0cons\u00f3rcios sarandi, ronda alta de carresul em sarandi, ronda alta, seguro auto sarandi, ronda alta e regi\u00e3o, seguros sarandi, ronda alta em sarandi, ronda alta, carresul carresul seguros sarandi, ronda alta, carresul em sarandi, ronda alta rs, carresul, para sarandi, ronda alta e regi\u00e3o, carresul para sarandi, ronda alta e regi\u00e3o\u00a0cons\u00f3rcios sarandi, ronda alta de carresul em sarandi, ronda alta, seguro auto sarandi, ronda alta e regi\u00e3o, seguros sarandi, ronda alta em sarandi, ronda alta, carresul carresul seguros sarandi, ronda alta, carresul em sarandi, ronda alta rs, carresul, para sarandi, ronda alta e regi\u00e3o,<a title=\"cons\u00f3rcios sarandi, ronda alta de carresul em sarandi, ronda alta, seguro auto sarandi, ronda alta e regi\u00e3o, seguros sarandi, ronda alta em sarandi, ronda alta, carresul carresul seguros sarandi, ronda alta, carresul em sarandi, ronda alta rs, carresul, para sarandi, ronda alta e regi\u00e3o, carresul para sarandi, ronda alta e regi\u00e3o\" href=\"https:\/\/www.carresulseguros.com.br\/site\">carresul para sarandi, ronda alta e regi\u00e3o\u00a0cons\u00f3rcios sarandi, ronda alta de carresul em sarandi, ronda alta, seguro auto sarandi, ronda alta e regi\u00e3o, cria\u00e7\u00e3o de sit<\/a>es em sarandi, ronda alta, carresul carresul seguros sarandi, ronda alta, carresul em sarandi, ronda alta rs, carresul, para sarandi, ronda alta e regi\u00e3o, carresul para sarandi, ronda alta e regi\u00e3o<\/h2>\n<div id=\"attachment_747\" style=\"width: 353px\" class=\"wp-caption aligncenter\"><a href=\"https:\/\/www.carresulseguros.com.br\/site\/wp-content\/uploads\/2013\/06\/per\u00edcia-m\u00e9dica-passo-fundo-rs.jpg\"><img aria-describedby=\"caption-attachment-747\" decoding=\"async\" loading=\"lazy\" class=\"size-full wp-image-747 \" title=\"cons\u00f3rcios sarandi, ronda alta de carresul em sarandi, ronda alta\" src=\"https:\/\/www.carresulseguros.com.br\/site\/wp-content\/uploads\/2013\/06\/per\u00edcia-m\u00e9dica-passo-fundo-rs.jpg\" alt=\"cons\u00f3rcios sarandi, ronda alta de carresul em sarandi, ronda alta\" width=\"343\" height=\"300\"  loading=\"lazy\" \/><\/a><p id=\"caption-attachment-747\" class=\"wp-caption-text\">cons\u00f3rcios sarandi, ronda alta de carresul em sarandi, ronda alta<\/p><\/div>\n<\/div>\n","protected":false},"excerpt":{"rendered":"<p>seguro auto sarandi, ronda alta seguros sarandi, ronda alta, carresul seguros em sarandi, ronda alta, [&hellip;]<\/p>\n","protected":false},"author":1,"featured_media":0,"parent":0,"menu_order":0,"comment_status":"closed","ping_status":"closed","template":"","meta":[],"_links":{"self":[{"href":"https:\/\/www.carresulseguros.com.br\/site\/wp-json\/wp\/v2\/pages\/14"}],"collection":[{"href":"https:\/\/www.carresulseguros.com.br\/site\/wp-json\/wp\/v2\/pages"}],"about":[{"href":"https:\/\/www.carresulseguros.com.br\/site\/wp-json\/wp\/v2\/types\/page"}],"author":[{"embeddable":true,"href":"https:\/\/www.carresulseguros.com.br\/site\/wp-json\/wp\/v2\/users\/1"}],"replies":[{"embeddable":true,"href":"https:\/\/www.carresulseguros.com.br\/site\/wp-json\/wp\/v2\/comments?post=14"}],"version-history":[{"count":6,"href":"https:\/\/www.carresulseguros.com.br\/site\/wp-json\/wp\/v2\/pages\/14\/revisions"}],"predecessor-version":[{"id":254,"href":"https:\/\/www.carresulseguros.com.br\/site\/wp-json\/wp\/v2\/pages\/14\/revisions\/254"}],"wp:attachment":[{"href":"https:\/\/www.carresulseguros.com.br\/site\/wp-json\/wp\/v2\/media?parent=14"}],"curies":[{"name":"wp","href":"https:\/\/api.w.org\/{rel}","templated":true}]}}