{"id":5,"date":"2018-02-27T02:04:49","date_gmt":"2018-02-27T02:04:49","guid":{"rendered":"https:\/\/www.carresulseguros.com.br\/site\/?page_id=5"},"modified":"2026-02-16T20:04:57","modified_gmt":"2026-02-16T23:04:57","slug":"inicio","status":"publish","type":"page","link":"https:\/\/www.carresulseguros.com.br\/site\/","title":{"rendered":"In\u00edcio"},"content":{"rendered":"<p>&nbsp;<\/p>\n<div style=\"display: none;\">\n<p>seguros sarandi, ronda alta corretora de seguros sarandi, ronda alta, carresul seguros em sarandi, ronda alta, carresul, sarandi, ronda alta RS, carresul e cons\u00f3rcios sarandi, ronda alta<\/p>\n<h1>carresul em sarandi, ronda alta,\u00a0carresul seguros sarandi, ronda alta, corretora de seguros sarandi, ronda alta,<\/h1>\n<h2>carresul em sarandi, ronda alta, seguros sarandi, ronda alta e regi\u00e3o, corretora de seguros sarandi, ronda alta em sarandi, ronda alta, carresul carresul seguros sarandi, ronda alta, carresul em sarandi, ronda alta rs, carresul, para sarandi, ronda alta e regi\u00e3o, carresul para sarandi, ronda alta e regi\u00e3o\u00a0cons\u00f3rcios sarandi, ronda alta de carresul em sarandi, ronda alta, seguros sarandi, ronda alta e regi\u00e3o, corretora de seguros sarandi, ronda alta em sarandi, ronda alta, carresul carresul seguros sarandi, ronda alta, carresul em sarandi, ronda alta rs, carresul,<a title=\"cons\u00f3rcios sarandi, ronda alta de carresul em sarandi, ronda alta, seguros sarandi, ronda alta e regi\u00e3o, corretora de seguros sarandi, ronda alta em sarandi, ronda alta, carresul carresul seguros sarandi, ronda alta, carresul em sarandi, ronda alta rs, carresul, para sarandi, ronda alta e regi\u00e3o, carresul para sarandi, ronda alta e regi\u00e3o\" href=\"http:\/\/www.carresulseguros.com.br\">para sarandi, ronda alta e regi\u00e3o, carresul para sarandi, ronda alta e regi\u00e3o\u00a0cons\u00f3rcios sarandi, ronda alta de carresul em sarandi, ronda alta, seguros sarandi, ronda alta e regi\u00e3o, corretora de seguros sarandi, ronda alta em sarandi, ronda alta, carresul carresul seguros sarandi, ronda alta, carresul em sarandi, ronda alta rs, carresul<\/a>, para sarandi, ronda alta e regi\u00e3o, carresul para sarandi, ronda alta e regi\u00e3o\u00a0cons\u00f3rcios sarandi, ronda alta de carresul em sarandi, ronda alta, seguros sarandi, ronda alta e regi\u00e3o, corretora de seguros sarandi, ronda alta em sarandi, ronda alta, carresul carresul seguros sarandi, ronda alta, carresul em sarandi, ronda alta rs, carresul, para sarandi, ronda alta e regi\u00e3o, carresul para sarandi, ronda alta e regi\u00e3o\u00a0cons\u00f3rcios sarandi, ronda alta de carresul em sarandi, ronda alta, seguros sarandi, ronda alta e regi\u00e3o, corretora de seguros sarandi, ronda alta em sarandi, ronda alta, carresul carresul seguros sarandi, ronda alta, carresul em sarandi, ronda alta rs, carresul, para sarandi, ronda alta e regi\u00e3o,<a title=\"cons\u00f3rcios sarandi, ronda alta de carresul em sarandi, ronda alta, seguros sarandi, ronda alta e regi\u00e3o, corretora de seguros sarandi, ronda alta em sarandi, ronda alta, carresul carresul seguros sarandi, ronda alta, carresul em sarandi, ronda alta rs, carresul, para sarandi, ronda alta e regi\u00e3o, carresul para sarandi, ronda alta e regi\u00e3o\" href=\"https:\/\/www.carresulseguros.com.br\/site\">carresul para sarandi, ronda alta e regi\u00e3o\u00a0cons\u00f3rcios sarandi, ronda alta de carresul em sarandi, ronda alta, seguros sarandi, ronda alta e regi\u00e3o, cria\u00e7\u00e3o de sit<\/a>es em sarandi, ronda alta, carresul carresul seguros sarandi, ronda alta, carresul em sarandi, ronda alta rs, carresul, para sarandi, ronda alta e regi\u00e3o, carresul para sarandi, ronda alta e regi\u00e3o<\/h2>\n<div id=\"attachment_747\" style=\"width: 353px\" class=\"wp-caption aligncenter\"><a href=\"https:\/\/www.carresulseguros.com.br\/site\/wp-content\/uploads\/2013\/06\/per\u00edcia-m\u00e9dica-passo-fundo-rs.jpg\"><img aria-describedby=\"caption-attachment-747\" decoding=\"async\" loading=\"lazy\" class=\"size-full wp-image-747 \" title=\"cons\u00f3rcios sarandi, ronda alta de carresul em sarandi, ronda alta\" src=\"https:\/\/www.carresulseguros.com.br\/site\/wp-content\/uploads\/2013\/06\/per\u00edcia-m\u00e9dica-passo-fundo-rs.jpg\" alt=\"cons\u00f3rcios sarandi, ronda alta de carresul em sarandi, ronda alta\" width=\"343\" height=\"300\"  loading=\"lazy\" \/><\/a><p id=\"caption-attachment-747\" class=\"wp-caption-text\">cons\u00f3rcios sarandi, ronda alta de carresul em sarandi, ronda alta<\/p><\/div>\n<\/div>\n","protected":false},"excerpt":{"rendered":"<p>&nbsp; seguros sarandi, ronda alta corretora de seguros sarandi, ronda alta, carresul seguros em sarandi, [&hellip;]<\/p>\n","protected":false},"author":1,"featured_media":0,"parent":0,"menu_order":0,"comment_status":"closed","ping_status":"closed","template":"template-inicio3.php","meta":[],"_links":{"self":[{"href":"https:\/\/www.carresulseguros.com.br\/site\/wp-json\/wp\/v2\/pages\/5"}],"collection":[{"href":"https:\/\/www.carresulseguros.com.br\/site\/wp-json\/wp\/v2\/pages"}],"about":[{"href":"https:\/\/www.carresulseguros.com.br\/site\/wp-json\/wp\/v2\/types\/page"}],"author":[{"embeddable":true,"href":"https:\/\/www.carresulseguros.com.br\/site\/wp-json\/wp\/v2\/users\/1"}],"replies":[{"embeddable":true,"href":"https:\/\/www.carresulseguros.com.br\/site\/wp-json\/wp\/v2\/comments?post=5"}],"version-history":[{"count":9,"href":"https:\/\/www.carresulseguros.com.br\/site\/wp-json\/wp\/v2\/pages\/5\/revisions"}],"predecessor-version":[{"id":415,"href":"https:\/\/www.carresulseguros.com.br\/site\/wp-json\/wp\/v2\/pages\/5\/revisions\/415"}],"wp:attachment":[{"href":"https:\/\/www.carresulseguros.com.br\/site\/wp-json\/wp\/v2\/media?parent=5"}],"curies":[{"name":"wp","href":"https:\/\/api.w.org\/{rel}","templated":true}]}}