{"id":8,"date":"2018-02-27T02:05:01","date_gmt":"2018-02-27T02:05:01","guid":{"rendered":"https:\/\/www.carresulseguros.com.br\/site\/?page_id=8"},"modified":"2026-01-29T15:25:46","modified_gmt":"2026-01-29T18:25:46","slug":"a-carresul-seguros","status":"publish","type":"page","link":"https:\/\/www.carresulseguros.com.br\/site\/a-carresul-seguros\/","title":{"rendered":"A Carresul"},"content":{"rendered":"<p data-start=\"0\" data-end=\"462\">A <strong data-start=\"2\" data-end=\"22\">Carresul Seguros<\/strong> \u00e9 uma corretora que atua desde <strong data-start=\"54\" data-end=\"62\">2016<\/strong> com um prop\u00f3sito claro: oferecer as <strong data-start=\"99\" data-end=\"131\">melhores solu\u00e7\u00f5es em seguros<\/strong>, com atendimento humano, transparente e focado em proteger o que realmente importa. Contamos com uma equipe de profissionais <strong data-start=\"257\" data-end=\"296\">altamente experientes e capacitados<\/strong>, preparada para orientar cada cliente com clareza, agilidade e responsabilidade, garantindo sempre mais <strong data-start=\"401\" data-end=\"441\">seguran\u00e7a, tranquilidade e bem-estar<\/strong> em cada contrata\u00e7\u00e3o.<\/p>\n<p data-start=\"464\" data-end=\"727\" data-is-last-node=\"\" data-is-only-node=\"\">Hoje, para atender com ainda mais proximidade e efici\u00eancia, a Carresul Seguros possui <strong data-start=\"550\" data-end=\"570\">dois escrit\u00f3rios<\/strong>, localizados em <strong data-start=\"587\" data-end=\"601\">Sarandi\/RS<\/strong> e <strong data-start=\"604\" data-end=\"621\">Ronda Alta\/RS<\/strong>, refor\u00e7ando nosso compromisso em entregar um servi\u00e7o completo, r\u00e1pido e personalizado para toda a regi\u00e3o.<\/p>\n<h1 style=\"text-align: center;\"><em><strong>Equipe de Corretores<\/strong><\/em><\/h1>\n<div class=\"foogallery foogallery-container foogallery-default foogallery-lightbox-foobox fg-gutter-10 fg-center fg-default fg-light fg-border-thin fg-round-medium fg-shadow-small fg-shadow-inset-small fg-loading-default fg-loaded-fade-in fg-custom   fg-caption-hover fg-hover-fade fg-hover-zoom\" id=\"foogallery-gallery-393\" data-foogallery=\"{&quot;item&quot;:{&quot;showCaptionTitle&quot;:true,&quot;showCaptionDescription&quot;:true},&quot;lazy&quot;:true,&quot;src&quot;:&quot;data-src-fg&quot;,&quot;srcset&quot;:&quot;data-srcset-fg&quot;}\" data-fg-common-fields=\"1\" >\n\t<div class=\"fg-item\"><figure class=\"fg-item-inner\"><a  href=\"https:\/\/www.carresulseguros.com.br\/site\/wp-content\/uploads\/2026\/04\/Angela_.png\" data-attachment-id=\"442\" class=\" fg-thumb\"><img  width=\"165\" height=\"235\" data-src-fg=\"https:\/\/www.carresulseguros.com.br\/site\/wp-content\/uploads\/cache\/2026\/04\/Angela_\/695003782.png\" class=\"fg-image\" \/><\/a><figcaption class=\"fg-caption\"><div class=\"fg-caption-inner\"><\/div><\/figcaption><\/figure><\/div><div class=\"fg-item\"><figure class=\"fg-item-inner\"><a  href=\"https:\/\/www.carresulseguros.com.br\/site\/wp-content\/uploads\/2026\/01\/Edivaldo_-1.png\" data-attachment-id=\"436\" class=\" fg-thumb\"><img  width=\"165\" height=\"235\" data-src-fg=\"https:\/\/www.carresulseguros.com.br\/site\/wp-content\/uploads\/cache\/2026\/01\/Edivaldo_-1\/1762684556.png\" class=\"fg-image\" \/><\/a><figcaption class=\"fg-caption\"><div class=\"fg-caption-inner\"><\/div><\/figcaption><\/figure><\/div><div class=\"fg-item\"><figure class=\"fg-item-inner\"><a  href=\"https:\/\/www.carresulseguros.com.br\/site\/wp-content\/uploads\/2026\/01\/Gabriel_.png\" data-attachment-id=\"437\" class=\" fg-thumb\"><img  width=\"165\" height=\"235\" data-src-fg=\"https:\/\/www.carresulseguros.com.br\/site\/wp-content\/uploads\/cache\/2026\/01\/Gabriel_\/587086726.png\" class=\"fg-image\" \/><\/a><figcaption class=\"fg-caption\"><div class=\"fg-caption-inner\"><\/div><\/figcaption><\/figure><\/div><div class=\"fg-item\"><figure class=\"fg-item-inner\"><a  href=\"https:\/\/www.carresulseguros.com.br\/site\/wp-content\/uploads\/2026\/01\/giovani.png\" data-attachment-id=\"440\" class=\" fg-thumb\"><img  width=\"165\" height=\"235\" data-src-fg=\"https:\/\/www.carresulseguros.com.br\/site\/wp-content\/uploads\/cache\/2026\/01\/giovani\/2658460973.png\" class=\"fg-image\" \/><\/a><figcaption class=\"fg-caption\"><div class=\"fg-caption-inner\"><\/div><\/figcaption><\/figure><\/div><div class=\"fg-item\"><figure class=\"fg-item-inner\"><a  href=\"https:\/\/www.carresulseguros.com.br\/site\/wp-content\/uploads\/2026\/01\/marco_.png\" data-attachment-id=\"438\" class=\" fg-thumb\"><img  width=\"165\" height=\"235\" data-src-fg=\"https:\/\/www.carresulseguros.com.br\/site\/wp-content\/uploads\/cache\/2026\/01\/marco_\/83665277.png\" class=\"fg-image\" \/><\/a><figcaption class=\"fg-caption\"><div class=\"fg-caption-inner\"><\/div><\/figcaption><\/figure><\/div><div class=\"fg-item\"><figure class=\"fg-item-inner\"><a  href=\"https:\/\/www.carresulseguros.com.br\/site\/wp-content\/uploads\/2026\/01\/Sidi_.png\" data-attachment-id=\"441\" class=\" fg-thumb\"><img  width=\"165\" height=\"235\" data-src-fg=\"https:\/\/www.carresulseguros.com.br\/site\/wp-content\/uploads\/cache\/2026\/01\/Sidi_\/174501800.png\" class=\"fg-image\" \/><\/a><figcaption class=\"fg-caption\"><div class=\"fg-caption-inner\"><\/div><\/figcaption><\/figure><\/div><\/div>\n\n<p><em><strong>MISS\u00c3O<\/strong><\/em><\/p>\n<p>Oferecer aos nossos segurados um servi\u00e7o de qualidade, que proporcione tranquilidade e confian\u00e7a.<\/p>\n<p><em><strong>VIS\u00c3O<\/strong><\/em><\/p>\n<p>Proteger com profissionalismo os bens de todos os segurados. Ser uma empresa de refer\u00eancia, reconhecida pelo mercado.<\/p>\n<p><em><strong>VALORES<\/strong><\/em><\/p>\n<ul>\n<li>Seguran\u00e7a<\/li>\n<li>Compromisso<\/li>\n<li>Profissionalismo<\/li>\n<li>Qualidade<\/li>\n<li>Atendimento<\/li>\n<li>Inova\u00e7\u00e3o<\/li>\n<\/ul>\n<p>&nbsp;<\/p>\n<p>&nbsp;<\/p>\n<div class=\"foogallery foogallery-container foogallery-default foogallery-lightbox-foobox fg-gutter-10 fg-center fg-default fg-light     fg-loading-default fg-loaded-fade-in fg-custom   fg-caption-hover fg-hover-fade fg-hover-zoom\" id=\"foogallery-gallery-316\" data-foogallery=\"{&quot;item&quot;:{&quot;showCaptionTitle&quot;:false,&quot;showCaptionDescription&quot;:false},&quot;lazy&quot;:true,&quot;src&quot;:&quot;data-src-fg&quot;,&quot;srcset&quot;:&quot;data-srcset-fg&quot;}\" data-fg-common-fields=\"1\" >\n\t<div class=\"fg-item\"><figure class=\"fg-item-inner\"><a  href=\"https:\/\/www.carresulseguros.com.br\/site\/wp-content\/uploads\/2018\/03\/3-1.jpg\" data-attachment-id=\"187\" class=\" fg-thumb\"><img  width=\"350\" height=\"165\" data-src-fg=\"https:\/\/www.carresulseguros.com.br\/site\/wp-content\/uploads\/cache\/2018\/03\/3-1\/685998000.jpg\" class=\"fg-image\" \/><\/a><figcaption class=\"fg-caption\"><div class=\"fg-caption-inner\"><\/div><\/figcaption><\/figure><\/div><div class=\"fg-item\"><figure class=\"fg-item-inner\"><a  href=\"https:\/\/www.carresulseguros.com.br\/site\/wp-content\/uploads\/2018\/03\/2-1.jpg\" data-attachment-id=\"186\" class=\" fg-thumb\"><img  width=\"350\" height=\"165\" data-src-fg=\"https:\/\/www.carresulseguros.com.br\/site\/wp-content\/uploads\/cache\/2018\/03\/2-1\/3213035078.jpg\" class=\"fg-image\" \/><\/a><figcaption class=\"fg-caption\"><div class=\"fg-caption-inner\"><\/div><\/figcaption><\/figure><\/div><div class=\"fg-item\"><figure class=\"fg-item-inner\"><a  href=\"https:\/\/www.carresulseguros.com.br\/site\/wp-content\/uploads\/2018\/03\/1-1.jpg\" data-attachment-id=\"185\" class=\" fg-thumb\"><img  width=\"350\" height=\"165\" data-src-fg=\"https:\/\/www.carresulseguros.com.br\/site\/wp-content\/uploads\/cache\/2018\/03\/1-1\/3713174045.jpg\" class=\"fg-image\" \/><\/a><figcaption class=\"fg-caption\"><div class=\"fg-caption-inner\"><\/div><\/figcaption><\/figure><\/div><div class=\"fg-item\"><figure class=\"fg-item-inner\"><a  href=\"https:\/\/www.carresulseguros.com.br\/site\/wp-content\/uploads\/2018\/03\/6-1.jpg\" data-attachment-id=\"184\" class=\" fg-thumb\"><img  width=\"350\" height=\"165\" data-src-fg=\"https:\/\/www.carresulseguros.com.br\/site\/wp-content\/uploads\/cache\/2018\/03\/6-1\/1194099628.jpg\" class=\"fg-image\" \/><\/a><figcaption class=\"fg-caption\"><div class=\"fg-caption-inner\"><\/div><\/figcaption><\/figure><\/div><div class=\"fg-item\"><figure class=\"fg-item-inner\"><a  href=\"https:\/\/www.carresulseguros.com.br\/site\/wp-content\/uploads\/2018\/03\/5-1.jpg\" data-attachment-id=\"183\" class=\" fg-thumb\"><img  width=\"350\" height=\"165\" data-src-fg=\"https:\/\/www.carresulseguros.com.br\/site\/wp-content\/uploads\/cache\/2018\/03\/5-1\/470041238.jpg\" class=\"fg-image\" \/><\/a><figcaption class=\"fg-caption\"><div class=\"fg-caption-inner\"><\/div><\/figcaption><\/figure><\/div><div class=\"fg-item\"><figure class=\"fg-item-inner\"><a  href=\"https:\/\/www.carresulseguros.com.br\/site\/wp-content\/uploads\/2018\/03\/4-1.jpg\" data-attachment-id=\"182\" class=\" fg-thumb\"><img  width=\"350\" height=\"165\" data-src-fg=\"https:\/\/www.carresulseguros.com.br\/site\/wp-content\/uploads\/cache\/2018\/03\/4-1\/2338601824.jpg\" class=\"fg-image\" \/><\/a><figcaption class=\"fg-caption\"><div class=\"fg-caption-inner\"><\/div><\/figcaption><\/figure><\/div><div class=\"fg-item\"><figure class=\"fg-item-inner\"><a  href=\"https:\/\/www.carresulseguros.com.br\/site\/wp-content\/uploads\/2020\/07\/DSC_0327.jpg\" data-attachment-id=\"365\" class=\" fg-thumb\"><img  width=\"350\" height=\"165\" data-src-fg=\"https:\/\/www.carresulseguros.com.br\/site\/wp-content\/uploads\/cache\/2020\/07\/DSC_0327\/2890146660.jpg\" class=\"fg-image\" \/><\/a><figcaption class=\"fg-caption\"><div class=\"fg-caption-inner\"><\/div><\/figcaption><\/figure><\/div><\/div>\n\n<p>&nbsp;<\/p>\n<div style=\"display: none;\">\n<p>seguro auto sarandi, ronda alta seguros sarandi, ronda alta, carresul seguros em sarandi, ronda alta, carresul, sarandi, ronda alta RS, carresul e cons\u00f3rcios sarandi, ronda alta<\/p>\n<h1>carresul em sarandi, ronda alta,\u00a0carresul seguros sarandi, ronda alta, seguros sarandi, ronda alta,<\/h1>\n<h2>carresul em sarandi, ronda alta, seguro auto sarandi, ronda alta e regi\u00e3o, seguros sarandi, ronda alta em sarandi, ronda alta, carresul carresul seguros sarandi, ronda alta, carresul em sarandi, ronda alta rs, carresul, para sarandi, ronda alta e regi\u00e3o, carresul para sarandi, ronda alta e regi\u00e3o\u00a0cons\u00f3rcios sarandi, ronda alta de carresul em sarandi, ronda alta, seguro auto sarandi, ronda alta e regi\u00e3o, seguros sarandi, ronda alta em sarandi, ronda alta, carresul carresul seguros sarandi, ronda alta, carresul em sarandi, ronda alta rs, carresul,<a title=\"cons\u00f3rcios sarandi, ronda alta de carresul em sarandi, ronda alta, seguro auto sarandi, ronda alta e regi\u00e3o, seguros sarandi, ronda alta em sarandi, ronda alta, carresul carresul seguros sarandi, ronda alta, carresul em sarandi, ronda alta rs, carresul, para sarandi, ronda alta e regi\u00e3o, carresul para sarandi, ronda alta e regi\u00e3o\" href=\"http:\/\/www.carresulseguros.com.br\">para sarandi, ronda alta e regi\u00e3o, carresul para sarandi, ronda alta e regi\u00e3o\u00a0cons\u00f3rcios sarandi, ronda alta de carresul em sarandi, ronda alta, seguro auto sarandi, ronda alta e regi\u00e3o, seguros sarandi, ronda alta em sarandi, ronda alta, carresul carresul seguros sarandi, ronda alta, carresul em sarandi, ronda alta rs, carresul<\/a>, para sarandi, ronda alta e regi\u00e3o, carresul para sarandi, ronda alta e regi\u00e3o\u00a0cons\u00f3rcios sarandi, ronda alta de carresul em sarandi, ronda alta, seguro auto sarandi, ronda alta e regi\u00e3o, seguros sarandi, ronda alta em sarandi, ronda alta, carresul carresul seguros sarandi, ronda alta, carresul em sarandi, ronda alta rs, carresul, para sarandi, ronda alta e regi\u00e3o, carresul para sarandi, ronda alta e regi\u00e3o\u00a0cons\u00f3rcios sarandi, ronda alta de carresul em sarandi, ronda alta, seguro auto sarandi, ronda alta e regi\u00e3o, seguros sarandi, ronda alta em sarandi, ronda alta, carresul carresul seguros sarandi, ronda alta, carresul em sarandi, ronda alta rs, carresul, para sarandi, ronda alta e regi\u00e3o,<a title=\"cons\u00f3rcios sarandi, ronda alta de carresul em sarandi, ronda alta, seguro auto sarandi, ronda alta e regi\u00e3o, seguros sarandi, ronda alta em sarandi, ronda alta, carresul carresul seguros sarandi, ronda alta, carresul em sarandi, ronda alta rs, carresul, para sarandi, ronda alta e regi\u00e3o, carresul para sarandi, ronda alta e regi\u00e3o\" href=\"https:\/\/www.carresulseguros.com.br\/site\">carresul para sarandi, ronda alta e regi\u00e3o\u00a0cons\u00f3rcios sarandi, ronda alta de carresul em sarandi, ronda alta, seguro auto sarandi, ronda alta e regi\u00e3o, cria\u00e7\u00e3o de sit<\/a>es em sarandi, ronda alta, carresul carresul seguros sarandi, ronda alta, carresul em sarandi, ronda alta rs, carresul, para sarandi, ronda alta e regi\u00e3o, carresul para sarandi, ronda alta e regi\u00e3o<\/h2>\n<div id=\"attachment_747\" style=\"width: 353px\" class=\"wp-caption aligncenter\"><a href=\"https:\/\/www.carresulseguros.com.br\/site\/wp-content\/uploads\/2013\/06\/per\u00edcia-m\u00e9dica-passo-fundo-rs.jpg\"><img aria-describedby=\"caption-attachment-747\" decoding=\"async\" loading=\"lazy\" class=\"size-full wp-image-747 \" title=\"cons\u00f3rcios sarandi, ronda alta de carresul em sarandi, ronda alta\" src=\"https:\/\/www.carresulseguros.com.br\/site\/wp-content\/uploads\/2013\/06\/per\u00edcia-m\u00e9dica-passo-fundo-rs.jpg\" alt=\"cons\u00f3rcios sarandi, ronda alta de carresul em sarandi, ronda alta\" width=\"343\" height=\"300\"  loading=\"lazy\" \/><\/a><p id=\"caption-attachment-747\" class=\"wp-caption-text\">cons\u00f3rcios sarandi, ronda alta de carresul em sarandi, ronda alta<\/p><\/div>\n<div class=\"foogallery foogallery-container foogallery-default foogallery-lightbox-foobox fg-gutter-10 fg-center fg-default fg-light     fg-loading-default fg-loaded-fade-in fg-custom   fg-caption-hover fg-hover-fade fg-hover-zoom\" id=\"foogallery-gallery-316\" data-foogallery=\"{&quot;item&quot;:{&quot;showCaptionTitle&quot;:false,&quot;showCaptionDescription&quot;:false},&quot;lazy&quot;:true,&quot;src&quot;:&quot;data-src-fg&quot;,&quot;srcset&quot;:&quot;data-srcset-fg&quot;}\" data-fg-common-fields=\"1\" >\n\t<div class=\"fg-item\"><figure class=\"fg-item-inner\"><a  href=\"https:\/\/www.carresulseguros.com.br\/site\/wp-content\/uploads\/2018\/03\/3-1.jpg\" data-attachment-id=\"187\" class=\" fg-thumb\"><img  width=\"350\" height=\"165\" data-src-fg=\"https:\/\/www.carresulseguros.com.br\/site\/wp-content\/uploads\/cache\/2018\/03\/3-1\/685998000.jpg\" class=\"fg-image\" \/><\/a><figcaption class=\"fg-caption\"><div class=\"fg-caption-inner\"><\/div><\/figcaption><\/figure><\/div><div class=\"fg-item\"><figure class=\"fg-item-inner\"><a  href=\"https:\/\/www.carresulseguros.com.br\/site\/wp-content\/uploads\/2018\/03\/2-1.jpg\" data-attachment-id=\"186\" class=\" fg-thumb\"><img  width=\"350\" height=\"165\" data-src-fg=\"https:\/\/www.carresulseguros.com.br\/site\/wp-content\/uploads\/cache\/2018\/03\/2-1\/3213035078.jpg\" class=\"fg-image\" \/><\/a><figcaption class=\"fg-caption\"><div class=\"fg-caption-inner\"><\/div><\/figcaption><\/figure><\/div><div class=\"fg-item\"><figure class=\"fg-item-inner\"><a  href=\"https:\/\/www.carresulseguros.com.br\/site\/wp-content\/uploads\/2018\/03\/1-1.jpg\" data-attachment-id=\"185\" class=\" fg-thumb\"><img  width=\"350\" height=\"165\" data-src-fg=\"https:\/\/www.carresulseguros.com.br\/site\/wp-content\/uploads\/cache\/2018\/03\/1-1\/3713174045.jpg\" class=\"fg-image\" \/><\/a><figcaption class=\"fg-caption\"><div class=\"fg-caption-inner\"><\/div><\/figcaption><\/figure><\/div><div class=\"fg-item\"><figure class=\"fg-item-inner\"><a  href=\"https:\/\/www.carresulseguros.com.br\/site\/wp-content\/uploads\/2018\/03\/6-1.jpg\" data-attachment-id=\"184\" class=\" fg-thumb\"><img  width=\"350\" height=\"165\" data-src-fg=\"https:\/\/www.carresulseguros.com.br\/site\/wp-content\/uploads\/cache\/2018\/03\/6-1\/1194099628.jpg\" class=\"fg-image\" \/><\/a><figcaption class=\"fg-caption\"><div class=\"fg-caption-inner\"><\/div><\/figcaption><\/figure><\/div><div class=\"fg-item\"><figure class=\"fg-item-inner\"><a  href=\"https:\/\/www.carresulseguros.com.br\/site\/wp-content\/uploads\/2018\/03\/5-1.jpg\" data-attachment-id=\"183\" class=\" fg-thumb\"><img  width=\"350\" height=\"165\" data-src-fg=\"https:\/\/www.carresulseguros.com.br\/site\/wp-content\/uploads\/cache\/2018\/03\/5-1\/470041238.jpg\" class=\"fg-image\" \/><\/a><figcaption class=\"fg-caption\"><div class=\"fg-caption-inner\"><\/div><\/figcaption><\/figure><\/div><div class=\"fg-item\"><figure class=\"fg-item-inner\"><a  href=\"https:\/\/www.carresulseguros.com.br\/site\/wp-content\/uploads\/2018\/03\/4-1.jpg\" data-attachment-id=\"182\" class=\" fg-thumb\"><img  width=\"350\" height=\"165\" data-src-fg=\"https:\/\/www.carresulseguros.com.br\/site\/wp-content\/uploads\/cache\/2018\/03\/4-1\/2338601824.jpg\" class=\"fg-image\" \/><\/a><figcaption class=\"fg-caption\"><div class=\"fg-caption-inner\"><\/div><\/figcaption><\/figure><\/div><div class=\"fg-item\"><figure class=\"fg-item-inner\"><a  href=\"https:\/\/www.carresulseguros.com.br\/site\/wp-content\/uploads\/2020\/07\/DSC_0327.jpg\" data-attachment-id=\"365\" class=\" fg-thumb\"><img  width=\"350\" height=\"165\" data-src-fg=\"https:\/\/www.carresulseguros.com.br\/site\/wp-content\/uploads\/cache\/2020\/07\/DSC_0327\/2890146660.jpg\" class=\"fg-image\" \/><\/a><figcaption class=\"fg-caption\"><div class=\"fg-caption-inner\"><\/div><\/figcaption><\/figure><\/div><\/div>\n\n<\/div>\n","protected":false},"excerpt":{"rendered":"<p>A Carresul Seguros \u00e9 uma corretora que atua desde 2016 com um prop\u00f3sito claro: oferecer [&hellip;]<\/p>\n","protected":false},"author":1,"featured_media":0,"parent":0,"menu_order":0,"comment_status":"closed","ping_status":"closed","template":"","meta":[],"_links":{"self":[{"href":"https:\/\/www.carresulseguros.com.br\/site\/wp-json\/wp\/v2\/pages\/8"}],"collection":[{"href":"https:\/\/www.carresulseguros.com.br\/site\/wp-json\/wp\/v2\/pages"}],"about":[{"href":"https:\/\/www.carresulseguros.com.br\/site\/wp-json\/wp\/v2\/types\/page"}],"author":[{"embeddable":true,"href":"https:\/\/www.carresulseguros.com.br\/site\/wp-json\/wp\/v2\/users\/1"}],"replies":[{"embeddable":true,"href":"https:\/\/www.carresulseguros.com.br\/site\/wp-json\/wp\/v2\/comments?post=8"}],"version-history":[{"count":55,"href":"https:\/\/www.carresulseguros.com.br\/site\/wp-json\/wp\/v2\/pages\/8\/revisions"}],"predecessor-version":[{"id":181,"href":"https:\/\/www.carresulseguros.com.br\/site\/wp-json\/wp\/v2\/pages\/8\/revisions\/181"}],"wp:attachment":[{"href":"https:\/\/www.carresulseguros.com.br\/site\/wp-json\/wp\/v2\/media?parent=8"}],"curies":[{"name":"wp","href":"https:\/\/api.w.org\/{rel}","templated":true}]}}